{"id":85094,"date":"2020-01-23T16:49:35","date_gmt":"2020-01-23T15:49:35","guid":{"rendered":"http:\/\/www.24zabrze.pl\/wiadomosci\/?page_id=85094"},"modified":"2024-11-28T21:17:07","modified_gmt":"2024-11-28T20:17:07","slug":"reklama","status":"publish","type":"page","link":"https:\/\/www.24zabrze.pl\/wiadomosci\/reklama\/","title":{"rendered":"Reklama &#8211; banery"},"content":{"rendered":"<div class=\"zabrz-a6-z-nad-leadem-artykulow zabrz-entity-placement\" id=\"zabrz-3781678090\"><div class=\"zabrz-adlabel\"><span style=\"font-size: 9px\">REKLAMA<\/span><\/div><div id=\"zabrz-796490043\" style=\"margin-bottom: 30px;margin-left: auto;margin-right: auto;text-align: center;\"><a data-no-instant=\"1\" href=\"https:\/\/dom100.eu\/\" rel=\"noopener\" class=\"a2t-link\" target=\"_blank\" aria-label=\"20260504-DOM100-DO-D\"><img loading=\"lazy\" decoding=\"async\" src=\"https:\/\/www.24zabrze.pl\/wiadomosci\/wp-content\/uploads\/2025\/09\/20260504-DOM100-DO-D.webp\" alt=\"\"  srcset=\"https:\/\/www.24zabrze.pl\/wiadomosci\/wp-content\/uploads\/2025\/09\/20260504-DOM100-DO-D.webp 750w, https:\/\/www.24zabrze.pl\/wiadomosci\/wp-content\/uploads\/2025\/09\/20260504-DOM100-DO-D-410x109.webp 410w\" sizes=\"(max-width: 750px) 100vw, 750px\" class=\"no-lazyload\" width=\"750\" height=\"200\"  style=\"display: inline-block; max-width: 100%; height: auto;\" \/><\/a><\/div><\/div><a class=\"mks_button mks_button_small squared\" href=\"\/wiadomosci\/kontakt\" target=\"_self\" style=\"color: #FFFFFF; background-color: #6d6d6d;\" ><i class=\"fa fa-envelope-o\"><\/i>Kontakt<\/a><a class=\"mks_button mks_button_small squared\" href=\"\/wiadomosci\/reklama\" target=\"_self\" style=\"color: #FFFFFF; background-color: #dd0000;\" ><i class=\"fa fa-signal\"><\/i>Reklama<\/a><a class=\"mks_button mks_button_small squared\" href=\"\/wiadomosci\/teksty-sponsorowane\/\" target=\"_self\" style=\"color: #FFFFFF; background-color: #dd0000;\" ><i class=\"fa fa-pencil\"><\/i>Artyku\u0142y p\u0142atne<\/a>\n<hr \/>\n<p>Wszystkie reklamy banerowe rozliczane s\u0105 w modelu CPD (cost per day), tzn. cena zale\u017cy od liczby wykupionych dni. Minimalny okres ekspozycji to 7 dni.<\/p><div class=\"zabrz-a3-z-w-tresci-artykulow zabrz-entity-placement\" id=\"zabrz-3938839003\"><div id=\"zabrz-3254831936\" style=\"margin-bottom: 40px;margin-left: auto;margin-right: auto;text-align: center;\"><a data-no-instant=\"1\" href=\"https:\/\/ogrodyandersa.pl\/\" rel=\"noopener\" class=\"a2t-link\" target=\"_blank\" aria-label=\"20260415 Ogrody Andersa WYBIERZ MIESZKANIE D\"><img loading=\"lazy\" decoding=\"async\" src=\"https:\/\/www.24zabrze.pl\/wiadomosci\/wp-content\/uploads\/2026\/02\/20260415-Ogrody-Andersa-WYBIERZ-MIESZKANIE-D.jpg\" alt=\"\"  srcset=\"https:\/\/www.24zabrze.pl\/wiadomosci\/wp-content\/uploads\/2026\/02\/20260415-Ogrody-Andersa-WYBIERZ-MIESZKANIE-D.jpg 750w, https:\/\/www.24zabrze.pl\/wiadomosci\/wp-content\/uploads\/2026\/02\/20260415-Ogrody-Andersa-WYBIERZ-MIESZKANIE-D-410x109.jpg 410w\" sizes=\"(max-width: 750px) 100vw, 750px\" class=\"no-lazyload\" width=\"750\" height=\"200\"  style=\"display: inline-block; max-width: 100%; height: auto;\" \/><\/a><\/div><\/div>\n<p><a id=\"A1\"><\/a><\/p>\n<p>Legenda:<br \/>\n<i class=\"fa fa-bookmark\" style=\"color: #32912d\"><\/i> &#8211; 100% wy\u015bwietle\u0144, brak rotacji<br \/>\n<i class=\"fa fa-star\" style=\"color: #dd3333\"><\/i> &#8211; wy\u015bwietlanie na stronie g\u0142\u00f3wnej<br \/>\n<i class=\"fa fa-star-o\" style=\"color: #dd3333\"><\/i> &#8211; wy\u015bwietlanie na stronach z artyku\u0142ami<\/p>\n<h4><i class=\"fa fa-star\" style=\"color: #dd3333\"><\/i> <i class=\"fa fa-star-o\" style=\"color: #dd3333\"><\/i> <span style=\"display: inline-block; border: 1px solid #bd0000; border-radius: 0px; padding: 9px 16px; margin: 0px 2px;\">Strefa A1 Z<\/span><\/h4>\n<p><img decoding=\"async\" src=\"http:\/\/www.24zabrze.pl\/wiadomosci\/wp-content\/uploads\/2020\/01\/strefa-A1-Z-baner.jpg\" alt=\"\" width=\"300\" class=\"alignright size-full wp-image-85101\" srcset=\"https:\/\/www.24zabrze.pl\/wiadomosci\/wp-content\/uploads\/2020\/01\/strefa-A1-Z-baner.jpg 400w, https:\/\/www.24zabrze.pl\/wiadomosci\/wp-content\/uploads\/2020\/01\/strefa-A1-Z-baner-248x232.jpg 248w\" sizes=\"(max-width: 400px) 100vw, 400px\" \/><br \/>\n<strong>Lokalizacja: <\/strong>strona g\u0142\u00f3wna + strony z artyku\u0142ami redakcyjnymi, na samej g\u00f3rze<br \/>\n<strong>Cz\u0119stotliwo\u015b\u0107: <\/strong>bez rotacji, 100% wy\u015bwietle\u0144<br \/>\n<strong>Wielko\u015b\u0107:<\/strong> max. 1140x200px<\/p>\n<h4>Koszt za 7 dni: <span style=\"color: #c70606;\">420,00<\/span><\/h4>\n<p><a id=\"A2\"><\/a><\/p>\n<p><strong>Upusty:<\/strong><br \/>\n14 dni: -10%<br \/>\n21 dni: -15%<br \/>\n28 dni: -20%<br \/>\nd\u0142u\u017cej\/abonament: wycena indywidualna<\/p>\n<hr \/>\n<h4><i class=\"fa fa-star\" style=\"color: #dd3333\"><\/i> <i class=\"fa fa-star-o\" style=\"color: #dd3333\"><\/i> <span style=\"display: inline-block; border: 1px solid #bd0000; border-radius: 0px; padding: 9px 16px; margin: 0px 2px;\">Strefa A2 Z<\/span><\/h4>\n<p><img decoding=\"async\" src=\"http:\/\/www.24zabrze.pl\/wiadomosci\/wp-content\/uploads\/2020\/01\/strefa-A2-Z-baner.jpg\" alt=\"\" width=\"300\" class=\"alignright size-full wp-image-85103\" srcset=\"https:\/\/www.24zabrze.pl\/wiadomosci\/wp-content\/uploads\/2020\/01\/strefa-A2-Z-baner.jpg 400w, https:\/\/www.24zabrze.pl\/wiadomosci\/wp-content\/uploads\/2020\/01\/strefa-A2-Z-baner-216x232.jpg 216w\" sizes=\"(max-width: 400px) 100vw, 400px\" \/><br \/>\n<strong>Lokalizacja: <\/strong>strona g\u0142\u00f3wna + strony z artyku\u0142ami redakcyjnymi, g\u00f3ra pod menu g\u0142\u00f3wnym<br \/>\n<strong>Cz\u0119stotliwo\u015b\u0107: <\/strong>bez rotacji, 100% wy\u015bwietle\u0144<br \/>\n<strong>Wielko\u015b\u0107:<\/strong> max. 1140x200px<\/p>\n<h4>Koszt za 7 dni: <span style=\"color: #c70606;\">385,00<\/span><\/h4>\n<p><a id=\"A3\"><\/a><\/p>\n<p><strong>Upusty:<\/strong><br \/>\n14 dni: -10%<br \/>\n21 dni: -15%<br \/>\n28 dni: -20%<br \/>\nd\u0142u\u017cej\/abonament: wycena indywidualna<\/p>\n<hr \/>\n<h4><i class=\"fa fa-bookmark\" style=\"color: #32912d\"><\/i> <i class=\"fa fa-star-o\" style=\"color: #dd3333\"><\/i> <span style=\"display: inline-block; border: 1px solid #bd0000; border-radius: 0px; padding: 9px 16px; margin: 0px 2px;\">Strefa A3 Z<\/span><\/h4>\n<p><img decoding=\"async\" src=\"http:\/\/www.24zabrze.pl\/wiadomosci\/wp-content\/uploads\/2020\/01\/strefa-A3-Z-baner.jpg\" alt=\"\" width=\"300\" class=\"alignright size-full wp-image-85107\" srcset=\"https:\/\/www.24zabrze.pl\/wiadomosci\/wp-content\/uploads\/2020\/01\/strefa-A3-Z-baner.jpg 400w, https:\/\/www.24zabrze.pl\/wiadomosci\/wp-content\/uploads\/2020\/01\/strefa-A3-Z-baner-214x232.jpg 214w\" sizes=\"(max-width: 400px) 100vw, 400px\" \/><br \/>\n<strong>Lokalizacja: <\/strong>strony z artyku\u0142ami (90% tekst\u00f3w), w \u015brodku tre\u015bci artyku\u0142u<br \/>\n<strong>Cz\u0119stotliwo\u015b\u0107:<\/strong> bez rotacji, 100% wy\u015bwietle\u0144 (wszystkie strony z artyku\u0142ami redakcyjnymi)<br \/>\n<strong>Wielko\u015b\u0107:<\/strong> 750x200px<\/p>\n<h4>Koszt za 7 dni: <span style=\"color: #c70606;\">315,00<\/span><\/h4>\n<p><a id=\"A5\"><\/a><\/p>\n<p><strong>Upusty:<\/strong><br \/>\n14 dni: -10%<br \/>\n21 dni: -15%<br \/>\n28 dni: -20%<br \/>\nd\u0142u\u017cej\/abonament: wycena indywidualna<\/p>\n<hr \/>\n<h4><i class=\"fa fa-bookmark\" style=\"color: #32912d\"><\/i> <i class=\"fa fa-star-o\" style=\"color: #dd3333\"><\/i> <span style=\"display: inline-block; border: 1px solid #bd0000; border-radius: 0px; padding: 9px 16px; margin: 0px 2px;\">Strefa A5 Z<\/span><\/h4>\n<p><img decoding=\"async\" src=\"http:\/\/www.24zabrze.pl\/wiadomosci\/wp-content\/uploads\/2020\/01\/strefa-A5-Z-baner.jpg\" alt=\"\" width=\"300\" class=\"alignright size-full wp-image-85108\" srcset=\"https:\/\/www.24zabrze.pl\/wiadomosci\/wp-content\/uploads\/2020\/01\/strefa-A5-Z-baner.jpg 400w, https:\/\/www.24zabrze.pl\/wiadomosci\/wp-content\/uploads\/2020\/01\/strefa-A5-Z-baner-319x232.jpg 319w\" sizes=\"(max-width: 400px) 100vw, 400px\" \/><strong>Lokalizacja: <\/strong>strony z artyku\u0142ami redakcyjnymi, na ko\u0144cu tre\u015bci artyku\u0142u<br \/>\n<strong>Cz\u0119stotliwo\u015b\u0107:<\/strong> rotacja 25% (\u015brednio co czwarte za\u0142adowanie strony)<br \/>\n<strong>Wielko\u015b\u0107:<\/strong> 750x200px<\/p>\n<h4>Koszt za 7 dni: <span style=\"color: #c70606;\">105,00<\/span><\/h4>\n<p><a id=\"A6\"><\/a><\/p>\n<p><strong>Upusty:<\/strong><br \/>\n14 dni: -10%<br \/>\n21 dni: -15%<br \/>\n28 dni: -20%<br \/>\nd\u0142u\u017cej\/abonament: wycena indywidualna<\/p>\n<hr \/>\n<h4><i class=\"fa fa-bookmark\" style=\"color: #32912d\"><\/i> <i class=\"fa fa-star-o\" style=\"color: #dd3333\"><\/i> <span style=\"display: inline-block; border: 1px solid #bd0000; border-radius: 0px; padding: 9px 16px; margin: 0px 2px;\">Strefa A6 Z<\/span><\/h4>\n<p><img decoding=\"async\" src=\"http:\/\/www.24zabrze.pl\/wiadomosci\/wp-content\/uploads\/2020\/01\/strefa-A6-Z-baner.jpg\" alt=\"\" width=\"300\" class=\"alignright size-full wp-image-85109\" srcset=\"https:\/\/www.24zabrze.pl\/wiadomosci\/wp-content\/uploads\/2020\/01\/strefa-A6-Z-baner.jpg 400w, https:\/\/www.24zabrze.pl\/wiadomosci\/wp-content\/uploads\/2020\/01\/strefa-A6-Z-baner-208x232.jpg 208w\" sizes=\"(max-width: 400px) 100vw, 400px\" \/><strong>Lokalizacja: <\/strong>strony z artyku\u0142ami (90% tekst\u00f3w), na pocz\u0105tku tre\u015bci artyku\u0142u, nad leadem<br \/>\n<strong>Cz\u0119stotliwo\u015b\u0107:<\/strong> bez rotacji, 100% wy\u015bwietle\u0144 (wszystkie strony z artyku\u0142ami redakcyjnymi)<br \/>\n<strong>Wielko\u015b\u0107:<\/strong> 750x200px<\/p>\n<h4>Koszt za 7 dni: <span style=\"color: #c70606;\">350,00<\/span><\/h4>\n<p><a id=\"B1\"><\/a><\/p>\n<p><strong>Upusty:<\/strong><br \/>\n14 dni: -10%<br \/>\n21 dni: -15%<br \/>\n28 dni: -20%<br \/>\nd\u0142u\u017cej\/abonament: wycena indywidualna<\/p>\n<hr \/>\n<h4><i class=\"fa fa-bookmark\" style=\"color: #32912d\"><\/i> <i class=\"fa fa-star-o\" style=\"color: #dd3333\"><\/i> <span style=\"display: inline-block; border: 1px solid #bd0000; border-radius: 0px; padding: 9px 16px; margin: 0px 2px;\">Strefa B1 Z<\/span><\/h4>\n<p><img decoding=\"async\" src=\"http:\/\/www.24zabrze.pl\/wiadomosci\/wp-content\/uploads\/2020\/01\/strefa-B1-Z-baner.jpg\" alt=\"\" width=\"300\" class=\"alignright size-full wp-image-85111\" srcset=\"https:\/\/www.24zabrze.pl\/wiadomosci\/wp-content\/uploads\/2020\/01\/strefa-B1-Z-baner.jpg 400w, https:\/\/www.24zabrze.pl\/wiadomosci\/wp-content\/uploads\/2020\/01\/strefa-B1-Z-baner-219x232.jpg 219w\" sizes=\"(max-width: 400px) 100vw, 400px\" \/><strong>Lokalizacja:<\/strong> Panel boczny, strony z artyku\u0142ami (90% tekst\u00f3w)<br \/>\n<strong>Cz\u0119stotliwo\u015b\u0107:<\/strong> bez rotacji, 100% wy\u015bwietle\u0144 (wszystkie strony z artyku\u0142ami redakcyjnymi)<br \/>\n<strong>Wielko\u015b\u0107:<\/strong> 300x600px<\/p>\n<h4>Koszt za 7 dni: <span style=\"color: #c70606;\">350,00<\/span><\/h4>\n<p><a id=\"B3\"><\/a><\/p>\n<p><strong>Upusty:<\/strong><br \/>\n14 dni: -10%<br \/>\n21 dni: -15%<br \/>\n28 dni: -20%<br \/>\nd\u0142u\u017cej\/abonament: wycena indywidualna<\/p>\n<hr \/>\n<h4><i class=\"fa fa-bookmark\" style=\"color: #32912d\"><\/i> <i class=\"fa fa-star-o\" style=\"color: #dd3333\"><\/i>  <span style=\"display: inline-block; border: 1px solid #bd0000; border-radius: 0px; padding: 9px 16px; margin: 0px 2px;\">Strefa B3 Z<\/span><\/h4>\n<p><img decoding=\"async\" src=\"http:\/\/www.24zabrze.pl\/wiadomosci\/wp-content\/uploads\/2020\/01\/strefa-B3-Z-baner.jpg\" alt=\"\" width=\"300\" class=\"alignright size-full wp-image-85112\" srcset=\"https:\/\/www.24zabrze.pl\/wiadomosci\/wp-content\/uploads\/2020\/01\/strefa-B3-Z-baner.jpg 400w, https:\/\/www.24zabrze.pl\/wiadomosci\/wp-content\/uploads\/2020\/01\/strefa-B3-Z-baner-219x232.jpg 219w\" sizes=\"(max-width: 400px) 100vw, 400px\" \/><strong>Lokalizacja:<\/strong> Panel boczny, strefa dolna, strony z artyku\u0142ami (90% tekst\u00f3w), PRZYKLEJONY (przy przesuwaniu strony baner zatrzymuje si\u0119 w obr\u0119bie ekranu)<br \/>\n<strong>Cz\u0119stotliwo\u015b\u0107:<\/strong> bez rotacji, 100% wy\u015bwietle\u0144 (Ka\u017cde za\u0142adowanie strony z bocznym panelem powoduje wy\u015bwietlenie banera)<br \/>\n<strong>Wielko\u015b\u0107:<\/strong> 300x150px<\/p>\n<h4>Koszt za <strong>miesi\u0105c<\/strong>: <span style=\"color: #c70606;\">300,00<\/span><\/h4>\n<p><strong>Upusty:<\/strong><br \/>\nd\u0142u\u017cej\/abonament: wycena indywidualna<\/p>\n<hr\/>\n<p>UWAGI:<\/p>\n<li>Przed zam\u00f3wieniem kampanii w wybranej strefie, prosimy o potwierdzenie dost\u0119pno\u015bci miejsca na portalu. Kontakt: redakcja@24gliwice.pl\n<li>Do podanych cen nale\u017cy doliczy\u0107 VAT 23%.<br \/>\n<hr \/>\n<a class=\"mks_button mks_button_small squared\" href=\"\/wiadomosci\/kontakt\" target=\"_self\" style=\"color: #FFFFFF; background-color: #6d6d6d;\" ><i class=\"fa fa-envelope-o\"><\/i>Kontakt<\/a><a class=\"mks_button mks_button_small squared\" href=\"\/wiadomosci\/reklama\" target=\"_self\" style=\"color: #FFFFFF; background-color: #dd0000;\" ><i class=\"fa fa-signal\"><\/i>Reklama<\/a><a class=\"mks_button mks_button_small squared\" href=\"\/wiadomosci\/teksty-sponsorowane\/\" target=\"_self\" style=\"color: #FFFFFF; background-color: #dd0000;\" ><i class=\"fa fa-pencil\"><\/i>Artyku\u0142y p\u0142atne<\/a>\n","protected":false},"excerpt":{"rendered":"<p>Wszystkie reklamy banerowe rozliczane s\u0105 w modelu CPD (cost per day), tzn. cena zale\u017cy od liczby wykupionych dni. Minimalny okres ekspozycji to 7 dni. Legenda: &#8211; 100% wy\u015bwietle\u0144, brak rotacji &#8211; wy\u015bwietlanie na stronie g\u0142\u00f3wnej &#8211; wy\u015bwietlanie na stronach z artyku\u0142ami Strefa A1 Z Lokalizacja: strona g\u0142\u00f3wna + strony z artyku\u0142ami redakcyjnymi, na samej g\u00f3rze [&hellip;]<\/p>\n","protected":false},"author":4,"featured_media":0,"parent":0,"menu_order":0,"comment_status":"closed","ping_status":"closed","template":"","meta":{"_monsterinsights_skip_tracking":false,"_monsterinsights_sitenote_active":false,"_monsterinsights_sitenote_note":"","_monsterinsights_sitenote_category":0,"footnotes":"","_links_to":"","_links_to_target":""},"class_list":["post-85094","page","type-page","status-publish","hentry"],"_links":{"self":[{"href":"https:\/\/www.24zabrze.pl\/wiadomosci\/wp-json\/wp\/v2\/pages\/85094","targetHints":{"allow":["GET"]}}],"collection":[{"href":"https:\/\/www.24zabrze.pl\/wiadomosci\/wp-json\/wp\/v2\/pages"}],"about":[{"href":"https:\/\/www.24zabrze.pl\/wiadomosci\/wp-json\/wp\/v2\/types\/page"}],"author":[{"embeddable":true,"href":"https:\/\/www.24zabrze.pl\/wiadomosci\/wp-json\/wp\/v2\/users\/4"}],"replies":[{"embeddable":true,"href":"https:\/\/www.24zabrze.pl\/wiadomosci\/wp-json\/wp\/v2\/comments?post=85094"}],"version-history":[{"count":0,"href":"https:\/\/www.24zabrze.pl\/wiadomosci\/wp-json\/wp\/v2\/pages\/85094\/revisions"}],"wp:attachment":[{"href":"https:\/\/www.24zabrze.pl\/wiadomosci\/wp-json\/wp\/v2\/media?parent=85094"}],"curies":[{"name":"wp","href":"https:\/\/api.w.org\/{rel}","templated":true}]}}